{"id":216,"date":"2024-09-24T12:55:21","date_gmt":"2024-09-24T10:55:21","guid":{"rendered":"https:\/\/www.pionetic.io\/?page_id=216"},"modified":"2025-01-18T16:07:02","modified_gmt":"2025-01-18T15:07:02","slug":"about-christian","status":"publish","type":"page","link":"https:\/\/www.pionetic.io\/en\/about-christian\/","title":{"rendered":"About Christian"},"content":{"rendered":"\t\t<div data-elementor-type=\"wp-page\" data-elementor-id=\"216\" class=\"elementor elementor-216\" data-elementor-post-type=\"page\">\n\t\t\t\t<div class=\"elementor-element elementor-element-3891e76 e-con-full e-flex e-con e-parent\" data-id=\"3891e76\" data-element_type=\"container\" data-e-type=\"container\" data-settings=\"{&quot;background_background&quot;:&quot;classic&quot;}\">\n\t\t<div class=\"elementor-element elementor-element-865c822 e-con-full e-flex e-con e-child\" data-id=\"865c822\" data-element_type=\"container\" data-e-type=\"container\">\n\t\t<div class=\"elementor-element elementor-element-1e76514 e-con-full e-flex e-con e-child\" data-id=\"1e76514\" data-element_type=\"container\" data-e-type=\"container\" data-settings=\"{&quot;background_background&quot;:&quot;classic&quot;}\">\n\t\t\t\t<div class=\"elementor-element elementor-element-31ff315 animated-fast elementor-invisible elementor-widget elementor-widget-heading\" data-id=\"31ff315\" data-element_type=\"widget\" data-e-type=\"widget\" data-settings=\"{&quot;_animation&quot;:&quot;fadeInUp&quot;}\" data-widget_type=\"heading.default\">\n\t\t\t\t<div class=\"elementor-widget-container\">\n\t\t\t\t\t<h2 class=\"elementor-heading-title elementor-size-default\">A<mark>bout<\/mark> Christian.<\/h2>\t\t\t\t<\/div>\n\t\t\t\t<\/div>\n\t\t\t\t<div class=\"elementor-element elementor-element-241da21 animated-fast elementor-invisible elementor-widget elementor-widget-text-editor\" data-id=\"241da21\" data-element_type=\"widget\" data-e-type=\"widget\" data-settings=\"{&quot;motion_fx_motion_fx_scrolling&quot;:&quot;yes&quot;,&quot;motion_fx_opacity_effect&quot;:&quot;yes&quot;,&quot;motion_fx_opacity_direction&quot;:&quot;in-out&quot;,&quot;motion_fx_opacity_range&quot;:{&quot;unit&quot;:&quot;%&quot;,&quot;size&quot;:&quot;&quot;,&quot;sizes&quot;:{&quot;start&quot;:57,&quot;end&quot;:70}},&quot;_animation&quot;:&quot;fadeInUp&quot;,&quot;motion_fx_opacity_level&quot;:{&quot;unit&quot;:&quot;px&quot;,&quot;size&quot;:10,&quot;sizes&quot;:[]},&quot;motion_fx_devices&quot;:[&quot;widescreen&quot;,&quot;desktop&quot;,&quot;tablet&quot;,&quot;mobile&quot;]}\" data-widget_type=\"text-editor.default\">\n\t\t\t\t<div class=\"elementor-widget-container\">\n\t\t\t\t\t\t\t\t\t<p>Hallo, ich bin Christian &#8211; euer Ansprechpartner, wenn es um die Rekrutierung und den Aufbau von IT-Teams geht. Mit fast 20 Jahren Erfahrung in der IT-Branche und meiner Rolle als IT-Leiter unterst\u00fctze ich sowohl Unternehmen bei der Gewinnung von hochqualifizierten IT-Spezialist:innen als auch IT-Profis, die ihre n\u00e4chste berufliche Herausforderung suchen. Ich verstehe die Anforderungen der Branche und wei\u00df genau, worauf es in der modernen IT-Welt ankommt.<\/p>\n<p>Gemeinsam mit Tanja baue ich bei pionetic. Br\u00fccken zwischen Talenten und Unternehmen, um die ideale Verbindung zu schaffen. Ob bei der Besetzung einer Vakanz oder bei der beruflichen Weiterentwicklung &#8211; wir begleiten euch auf jedem Schritt, um erfolgreiche und nachhaltige Partnerschaften zu gestalten.<\/p>\t\t\t\t\t\t\t\t<\/div>\n\t\t\t\t<\/div>\n\t\t\t\t<\/div>\n\t\t<div class=\"elementor-element elementor-element-81f9792 e-con-full e-flex e-con e-child\" data-id=\"81f9792\" data-element_type=\"container\" data-e-type=\"container\">\n\t\t\t\t<div class=\"elementor-element elementor-element-c98aa8d animated-fast elementor-invisible elementor-widget elementor-widget-image\" data-id=\"c98aa8d\" data-element_type=\"widget\" data-e-type=\"widget\" data-settings=\"{&quot;_animation&quot;:&quot;fadeIn&quot;}\" data-widget_type=\"image.default\">\n\t\t\t\t<div class=\"elementor-widget-container\">\n\t\t\t\t\t\t\t\t\t\t\t\t\t\t\t<img fetchpriority=\"high\" decoding=\"async\" width=\"787\" height=\"1000\" src=\"https:\/\/www.pionetic.io\/wp-content\/uploads\/2024\/10\/christian-pionetic.jpg\" class=\"attachment-large size-large wp-image-1022\" alt=\"\" srcset=\"https:\/\/www.pionetic.io\/wp-content\/uploads\/2024\/10\/christian-pionetic.jpg 787w, https:\/\/www.pionetic.io\/wp-content\/uploads\/2024\/10\/christian-pionetic-236x300.jpg 236w, https:\/\/www.pionetic.io\/wp-content\/uploads\/2024\/10\/christian-pionetic-768x976.jpg 768w, https:\/\/www.pionetic.io\/wp-content\/uploads\/2024\/10\/christian-pionetic-9x12.jpg 9w\" sizes=\"(max-width: 787px) 100vw, 787px\" \/>\t\t\t\t\t\t\t\t\t\t\t\t\t\t\t<\/div>\n\t\t\t\t<\/div>\n\t\t\t\t<\/div>\n\t\t\t\t<\/div>\n\t\t\t\t<\/div>\n\t\t\t\t<\/div>\n\t\t","protected":false},"excerpt":{"rendered":"<p>About Christian. Hallo, ich bin Christian &#8211; euer Ansprechpartner, wenn es um die Rekrutierung und den Aufbau von IT-Teams geht. Mit fast 20 Jahren Erfahrung in der IT-Branche und meiner Rolle als IT-Leiter unterst\u00fctze ich sowohl Unternehmen bei der Gewinnung von hochqualifizierten IT-Spezialist:innen als auch IT-Profis, die ihre n\u00e4chste berufliche Herausforderung suchen. Ich verstehe die [&hellip;]<\/p>\n","protected":false},"author":1,"featured_media":0,"parent":0,"menu_order":0,"comment_status":"closed","ping_status":"closed","template":"","meta":{"footnotes":""},"class_list":["post-216","page","type-page","status-publish","hentry"],"yoast_head":"<!-- This site is optimized with the Yoast SEO plugin v27.2 - https:\/\/yoast.com\/product\/yoast-seo-wordpress\/ -->\n<title>About Christian - pionetic.<\/title>\n<meta name=\"robots\" content=\"index, follow, max-snippet:-1, max-image-preview:large, max-video-preview:-1\" \/>\n<link rel=\"canonical\" href=\"https:\/\/www.pionetic.io\/en\/about-christian\/\" \/>\n<meta property=\"og:locale\" content=\"en_GB\" \/>\n<meta property=\"og:type\" content=\"article\" \/>\n<meta property=\"og:title\" content=\"About Christian - pionetic.\" \/>\n<meta property=\"og:description\" content=\"About Christian. Hallo, ich bin Christian &#8211; euer Ansprechpartner, wenn es um die Rekrutierung und den Aufbau von IT-Teams geht. Mit fast 20 Jahren Erfahrung in der IT-Branche und meiner Rolle als IT-Leiter unterst\u00fctze ich sowohl Unternehmen bei der Gewinnung von hochqualifizierten IT-Spezialist:innen als auch IT-Profis, die ihre n\u00e4chste berufliche Herausforderung suchen. Ich verstehe die [&hellip;]\" \/>\n<meta property=\"og:url\" content=\"https:\/\/www.pionetic.io\/en\/about-christian\/\" \/>\n<meta property=\"og:site_name\" content=\"pionetic.\" \/>\n<meta property=\"article:modified_time\" content=\"2025-01-18T15:07:02+00:00\" \/>\n<meta property=\"og:image\" content=\"https:\/\/www.pionetic.io\/wp-content\/uploads\/2024\/10\/christian-pionetic.jpg\" \/>\n\t<meta property=\"og:image:width\" content=\"787\" \/>\n\t<meta property=\"og:image:height\" content=\"1000\" \/>\n\t<meta property=\"og:image:type\" content=\"image\/jpeg\" \/>\n<meta name=\"twitter:card\" content=\"summary_large_image\" \/>\n<meta name=\"twitter:label1\" content=\"Estimated reading time\" \/>\n\t<meta name=\"twitter:data1\" content=\"1 minute\" \/>\n<script type=\"application\/ld+json\" class=\"yoast-schema-graph\">{\"@context\":\"https:\/\/schema.org\",\"@graph\":[{\"@type\":\"WebPage\",\"@id\":\"https:\/\/www.pionetic.io\/about-christian\/\",\"url\":\"https:\/\/www.pionetic.io\/about-christian\/\",\"name\":\"About Christian - pionetic.\",\"isPartOf\":{\"@id\":\"https:\/\/www.pionetic.io\/#website\"},\"primaryImageOfPage\":{\"@id\":\"https:\/\/www.pionetic.io\/about-christian\/#primaryimage\"},\"image\":{\"@id\":\"https:\/\/www.pionetic.io\/about-christian\/#primaryimage\"},\"thumbnailUrl\":\"https:\/\/www.pionetic.io\/wp-content\/uploads\/2024\/10\/christian-pionetic.jpg\",\"datePublished\":\"2024-09-24T10:55:21+00:00\",\"dateModified\":\"2025-01-18T15:07:02+00:00\",\"breadcrumb\":{\"@id\":\"https:\/\/www.pionetic.io\/about-christian\/#breadcrumb\"},\"inLanguage\":\"en-GB\",\"potentialAction\":[{\"@type\":\"ReadAction\",\"target\":[\"https:\/\/www.pionetic.io\/about-christian\/\"]}]},{\"@type\":\"ImageObject\",\"inLanguage\":\"en-GB\",\"@id\":\"https:\/\/www.pionetic.io\/about-christian\/#primaryimage\",\"url\":\"https:\/\/www.pionetic.io\/wp-content\/uploads\/2024\/10\/christian-pionetic.jpg\",\"contentUrl\":\"https:\/\/www.pionetic.io\/wp-content\/uploads\/2024\/10\/christian-pionetic.jpg\"},{\"@type\":\"BreadcrumbList\",\"@id\":\"https:\/\/www.pionetic.io\/about-christian\/#breadcrumb\",\"itemListElement\":[{\"@type\":\"ListItem\",\"position\":1,\"name\":\"Startseite\",\"item\":\"https:\/\/www.pionetic.io\/\"},{\"@type\":\"ListItem\",\"position\":2,\"name\":\"About Christian\"}]},{\"@type\":\"WebSite\",\"@id\":\"https:\/\/www.pionetic.io\/#website\",\"url\":\"https:\/\/www.pionetic.io\/\",\"name\":\"Pionetic\",\"description\":\"\",\"publisher\":{\"@id\":\"https:\/\/www.pionetic.io\/#organization\"},\"potentialAction\":[{\"@type\":\"SearchAction\",\"target\":{\"@type\":\"EntryPoint\",\"urlTemplate\":\"https:\/\/www.pionetic.io\/?s={search_term_string}\"},\"query-input\":{\"@type\":\"PropertyValueSpecification\",\"valueRequired\":true,\"valueName\":\"search_term_string\"}}],\"inLanguage\":\"en-GB\"},{\"@type\":\"Organization\",\"@id\":\"https:\/\/www.pionetic.io\/#organization\",\"name\":\"Pionetic\",\"url\":\"https:\/\/www.pionetic.io\/\",\"logo\":{\"@type\":\"ImageObject\",\"inLanguage\":\"en-GB\",\"@id\":\"https:\/\/www.pionetic.io\/#\/schema\/logo\/image\/\",\"url\":\"https:\/\/www.pionetic.io\/wp-content\/uploads\/2024\/10\/logo.svg\",\"contentUrl\":\"https:\/\/www.pionetic.io\/wp-content\/uploads\/2024\/10\/logo.svg\",\"width\":544,\"height\":132,\"caption\":\"Pionetic\"},\"image\":{\"@id\":\"https:\/\/www.pionetic.io\/#\/schema\/logo\/image\/\"},\"sameAs\":[\"https:\/\/www.xing.com\/profile\/Tanja_Splieth\",\"https:\/\/www.linkedin.com\/in\/tanjasplieth-pionetic\/\"]}]}<\/script>\n<!-- \/ Yoast SEO plugin. -->","yoast_head_json":{"title":"About Christian - pionetic.","robots":{"index":"index","follow":"follow","max-snippet":"max-snippet:-1","max-image-preview":"max-image-preview:large","max-video-preview":"max-video-preview:-1"},"canonical":"https:\/\/www.pionetic.io\/en\/about-christian\/","og_locale":"en_GB","og_type":"article","og_title":"About Christian - pionetic.","og_description":"About Christian. Hallo, ich bin Christian &#8211; euer Ansprechpartner, wenn es um die Rekrutierung und den Aufbau von IT-Teams geht. Mit fast 20 Jahren Erfahrung in der IT-Branche und meiner Rolle als IT-Leiter unterst\u00fctze ich sowohl Unternehmen bei der Gewinnung von hochqualifizierten IT-Spezialist:innen als auch IT-Profis, die ihre n\u00e4chste berufliche Herausforderung suchen. Ich verstehe die [&hellip;]","og_url":"https:\/\/www.pionetic.io\/en\/about-christian\/","og_site_name":"pionetic.","article_modified_time":"2025-01-18T15:07:02+00:00","og_image":[{"width":787,"height":1000,"url":"https:\/\/www.pionetic.io\/wp-content\/uploads\/2024\/10\/christian-pionetic.jpg","type":"image\/jpeg"}],"twitter_card":"summary_large_image","twitter_misc":{"Estimated reading time":"1 minute"},"schema":{"@context":"https:\/\/schema.org","@graph":[{"@type":"WebPage","@id":"https:\/\/www.pionetic.io\/about-christian\/","url":"https:\/\/www.pionetic.io\/about-christian\/","name":"About Christian - pionetic.","isPartOf":{"@id":"https:\/\/www.pionetic.io\/#website"},"primaryImageOfPage":{"@id":"https:\/\/www.pionetic.io\/about-christian\/#primaryimage"},"image":{"@id":"https:\/\/www.pionetic.io\/about-christian\/#primaryimage"},"thumbnailUrl":"https:\/\/www.pionetic.io\/wp-content\/uploads\/2024\/10\/christian-pionetic.jpg","datePublished":"2024-09-24T10:55:21+00:00","dateModified":"2025-01-18T15:07:02+00:00","breadcrumb":{"@id":"https:\/\/www.pionetic.io\/about-christian\/#breadcrumb"},"inLanguage":"en-GB","potentialAction":[{"@type":"ReadAction","target":["https:\/\/www.pionetic.io\/about-christian\/"]}]},{"@type":"ImageObject","inLanguage":"en-GB","@id":"https:\/\/www.pionetic.io\/about-christian\/#primaryimage","url":"https:\/\/www.pionetic.io\/wp-content\/uploads\/2024\/10\/christian-pionetic.jpg","contentUrl":"https:\/\/www.pionetic.io\/wp-content\/uploads\/2024\/10\/christian-pionetic.jpg"},{"@type":"BreadcrumbList","@id":"https:\/\/www.pionetic.io\/about-christian\/#breadcrumb","itemListElement":[{"@type":"ListItem","position":1,"name":"Startseite","item":"https:\/\/www.pionetic.io\/"},{"@type":"ListItem","position":2,"name":"About Christian"}]},{"@type":"WebSite","@id":"https:\/\/www.pionetic.io\/#website","url":"https:\/\/www.pionetic.io\/","name":"Pionetic","description":"","publisher":{"@id":"https:\/\/www.pionetic.io\/#organization"},"potentialAction":[{"@type":"SearchAction","target":{"@type":"EntryPoint","urlTemplate":"https:\/\/www.pionetic.io\/?s={search_term_string}"},"query-input":{"@type":"PropertyValueSpecification","valueRequired":true,"valueName":"search_term_string"}}],"inLanguage":"en-GB"},{"@type":"Organization","@id":"https:\/\/www.pionetic.io\/#organization","name":"Pionetic","url":"https:\/\/www.pionetic.io\/","logo":{"@type":"ImageObject","inLanguage":"en-GB","@id":"https:\/\/www.pionetic.io\/#\/schema\/logo\/image\/","url":"https:\/\/www.pionetic.io\/wp-content\/uploads\/2024\/10\/logo.svg","contentUrl":"https:\/\/www.pionetic.io\/wp-content\/uploads\/2024\/10\/logo.svg","width":544,"height":132,"caption":"Pionetic"},"image":{"@id":"https:\/\/www.pionetic.io\/#\/schema\/logo\/image\/"},"sameAs":["https:\/\/www.xing.com\/profile\/Tanja_Splieth","https:\/\/www.linkedin.com\/in\/tanjasplieth-pionetic\/"]}]}},"_links":{"self":[{"href":"https:\/\/www.pionetic.io\/en\/wp-json\/wp\/v2\/pages\/216","targetHints":{"allow":["GET"]}}],"collection":[{"href":"https:\/\/www.pionetic.io\/en\/wp-json\/wp\/v2\/pages"}],"about":[{"href":"https:\/\/www.pionetic.io\/en\/wp-json\/wp\/v2\/types\/page"}],"author":[{"embeddable":true,"href":"https:\/\/www.pionetic.io\/en\/wp-json\/wp\/v2\/users\/1"}],"replies":[{"embeddable":true,"href":"https:\/\/www.pionetic.io\/en\/wp-json\/wp\/v2\/comments?post=216"}],"version-history":[{"count":37,"href":"https:\/\/www.pionetic.io\/en\/wp-json\/wp\/v2\/pages\/216\/revisions"}],"predecessor-version":[{"id":1991,"href":"https:\/\/www.pionetic.io\/en\/wp-json\/wp\/v2\/pages\/216\/revisions\/1991"}],"wp:attachment":[{"href":"https:\/\/www.pionetic.io\/en\/wp-json\/wp\/v2\/media?parent=216"}],"curies":[{"name":"wp","href":"https:\/\/api.w.org\/{rel}","templated":true}]}}