{"id":301,"date":"2024-10-04T16:23:55","date_gmt":"2024-10-04T14:23:55","guid":{"rendered":"https:\/\/www.pionetic.io\/?page_id=301"},"modified":"2025-01-20T19:06:31","modified_gmt":"2025-01-20T18:06:31","slug":"impressum","status":"publish","type":"page","link":"https:\/\/www.pionetic.io\/en\/impressum\/","title":{"rendered":"Legal Notice"},"content":{"rendered":"<div data-elementor-type=\"wp-page\" data-elementor-id=\"301\" class=\"elementor elementor-301\" data-elementor-post-type=\"page\">\n\t\t\t\t<div class=\"elementor-element elementor-element-bb03369 e-con-full e-flex e-con e-parent\" data-id=\"bb03369\" data-element_type=\"container\" data-e-type=\"container\" data-settings=\"{&quot;background_background&quot;:&quot;classic&quot;}\">\n\t\t\t\t<div class=\"elementor-element elementor-element-dae79ba elementor-widget elementor-widget-heading\" data-id=\"dae79ba\" data-element_type=\"widget\" data-e-type=\"widget\" data-widget_type=\"heading.default\">\n\t\t\t\t<div class=\"elementor-widget-container\">\n\t\t\t\t\t<h2 class=\"elementor-heading-title elementor-size-default\">Legal Notice<\/h2>\t\t\t\t<\/div>\n\t\t\t\t<\/div>\n\t\t\t\t<div class=\"elementor-element elementor-element-3244d82 elementor-widget elementor-widget-text-editor\" data-id=\"3244d82\" data-element_type=\"widget\" data-e-type=\"widget\" data-widget_type=\"text-editor.default\">\n\t\t\t\t<div class=\"elementor-widget-container\">\n\t\t\t\t\t\t\t\t\t<p>Angaben gem\u00e4\u00df \u00a7 5 TMG:<\/p><p><strong>Tanja Splieth | pionetic.<\/strong>\u00a0<span style=\"font-family: var( --e-global-typography-text-font-family ), Sans-serif; font-size: var( --e-global-typography-text-font-size );\">(Einzelunternehmerin)<\/span><\/p><p><span style=\"text-decoration: underline;\">Adresse:<\/span><\/p><p>Am Pionierhafen 1<br \/>24837 Schleswig<br \/>Deutschland<\/p><p><span style=\"text-decoration: underline;\"><span style=\"font-family: var( --e-global-typography-text-font-family ), Sans-serif; font-size: var( --e-global-typography-text-font-size );\">Kontakt:<\/span><\/span><\/p><p><span style=\"font-family: var( --e-global-typography-text-font-family ), Sans-serif; font-size: var( --e-global-typography-text-font-size );\">Telefonnummer: <strong>01522 4927033<\/strong> | <\/span>E-Mail: hello@pionetic.io<\/p><p>Umsatzsteueridentifikationsnummer: DE450210197<\/p><p><b>Verantwortlich f\u00fcr den Inhalt nach \u00a7 55 Abs. 2 RStV:<br \/><\/b>Tanja Splieth<br \/>Am Pionierhafen 1<br \/>24837 Schleswig<br \/>Deutschland<br \/>E-Mail: hello@pionetic.io | <span style=\"font-family: var( --e-global-typography-text-font-family ), Sans-serif; font-size: var( --e-global-typography-text-font-size );\">Telefonnummer: <strong>01522 4927033<\/strong><\/span><\/p><p><b>Berufsbezeichnung:<br \/><\/b>Personalvermittlung, -beratung, Workshops<\/p><p><b>Verantwortlich f\u00fcr den Inhalt dieser Webseite:<br \/><\/b>Tanja Splieth und Matthias Thorner (Webdesigner)<\/p><p><b>Hinweis auf die Online-Streitbeilegungsplattform (OS-Plattform):<br \/><\/b>Die Europ\u00e4ische Kommission stellt eine Plattform zur Online-Streitbeilegung (OS) \u00a0unter folgendem <a href=\"https:\/\/ec.europa.eu\/consumers\/odr\/main\/index.cfm?event=main.home2.show&amp;lng=DE\" target=\"_blank\" rel=\"noopener\" data-wplink-edit=\"true\"><strong>Link<\/strong> <\/a>bereit<b>.<\/b><\/p><p><b>Haftungsausschluss:<\/b><\/p><p><b>Haftung f\u00fcr Inhalte<br \/><\/b>Die Inhalte meiner Seiten wurden mit gr\u00f6\u00dfter Sorgfalt erstellt. F\u00fcr die Richtigkeit, Vollst\u00e4ndigkeit und Aktualit\u00e4t der Inhalte kann ich jedoch keine Gew\u00e4hr \u00fcbernehmen. Als Diensteanbieter bin ich gem\u00e4\u00df \u00a7 7 Abs. 1 TMG f\u00fcr eigene Inhalte auf diesen Seiten nach den allgemeinen Gesetzen verantwortlich. Nach \u00a7\u00a7 8 bis 10 TMG bin ich als Diensteanbieter jedoch nicht verpflichtet, \u00fcbermittelte oder gespeicherte fremde Informationen zu \u00fcberwachen oder nach Umst\u00e4nden zu forschen, die auf eine rechtswidrige T\u00e4tigkeit hinweisen. Verpflichtungen zur Entfernung oder Sperrung der Nutzung von Informationen nach den allgemeinen Gesetzen bleiben hiervon unber\u00fchrt. Eine diesbez\u00fcgliche Haftung ist jedoch erst ab dem Zeitpunkt der Kenntnis einer konkreten Rechtsverletzung m\u00f6glich. Bei Bekanntwerden von entsprechenden Rechtsverletzungen werde ich diese Inhalte umgehend entfernen.<\/p><p><b>Haftung f\u00fcr Links<br \/><\/b>Mein Angebot enth\u00e4lt Links zu externen Webseiten Dritter, auf deren Inhalte ich keinen Einfluss habe. Deshalb kann ich f\u00fcr diese fremden Inhalte auch keine Gew\u00e4hr \u00fcbernehmen. F\u00fcr die Inhalte der verlinkten Seiten ist stets der jeweilige Anbieter oder Betreiber der Seiten verantwortlich. Die verlinkten Seiten wurden zum Zeitpunkt der Verlinkung auf m\u00f6gliche Rechtsverst\u00f6\u00dfe \u00fcberpr\u00fcft. Rechtswidrige Inhalte waren zum Zeitpunkt der Verlinkung nicht erkennbar. Eine permanente inhaltliche Kontrolle der verlinkten Seiten ist jedoch ohne konkrete Anhaltspunkte einer Rechtsverletzung nicht zumutbar. Bei Bekanntwerden von Rechtsverletzungen werde ich derartige Links umgehend entfernen.<\/p><p><b>Urheberrecht<br \/><\/b>Die durch mich erstellten Inhalte und Werke auf diesen Seiten unterliegen dem deutschen Urheberrecht. Die Vervielf\u00e4ltigung, Bearbeitung, Verbreitung und jede Art der Verwertung au\u00dferhalb der Grenzen des Urheberrechts bed\u00fcrfen der schriftlichen Zustimmung von pionetic. (Tanja Splieth) oder des jeweiligen Rechteinhabers. Downloads und Kopien dieser Seite sind nur nach Absprache mit dem Seiteninhaber f\u00fcr den privaten, nicht kommerziellen Gebrauch gestattet. Soweit die Inhalte auf dieser Seite nicht von mir erstellt wurden, werden die Urheberrechte Dritter beachtet. Insbesondere werden Inhalte Dritter als solche gekennzeichnet. Sollten Sie auf eine Urheberrechtsverletzung aufmerksam werden, bitte ich um einen entsprechenden Hinweis. Bei Bekanntwerden von Rechtsverletzungen werde ich derartige Inhalte umgehend entfernen.<\/p><p><b>Fotografie:<\/b> Bevis Nickel | bevisphoto, www.bevisphoto.de<\/p>\t\t\t\t\t\t\t\t<\/div>\n\t\t\t\t<\/div>\n\t\t\t\t<\/div>\n\t\t\t\t<\/div>","protected":false},"excerpt":{"rendered":"<p>Impressum Angaben gem\u00e4\u00df \u00a7 5 TMG: Tanja Splieth | pionetic.\u00a0(Einzelunternehmerin) Adresse: Am Pionierhafen 124837 SchleswigDeutschland Kontakt: Telefonnummer: 01522 4927033 | E-Mail: hello@pionetic.io Umsatzsteueridentifikationsnummer: DE450210197 Verantwortlich f\u00fcr den Inhalt nach \u00a7 55 Abs. 2 RStV:Tanja SpliethAm Pionierhafen 124837 SchleswigDeutschlandE-Mail: hello@pionetic.io | Telefonnummer: 01522 4927033 Berufsbezeichnung:Personalvermittlung, -beratung, Workshops Verantwortlich f\u00fcr den Inhalt dieser Webseite:Tanja Splieth und Matthias [&hellip;]<\/p>\n","protected":false},"author":1,"featured_media":0,"parent":0,"menu_order":0,"comment_status":"closed","ping_status":"closed","template":"","meta":{"footnotes":""},"class_list":["post-301","page","type-page","status-publish","hentry"],"yoast_head":"<!-- This site is optimized with the Yoast SEO plugin v27.2 - https:\/\/yoast.com\/product\/yoast-seo-wordpress\/ -->\n<title>Impressum - pionetic.<\/title>\n<meta name=\"robots\" content=\"index, follow, max-snippet:-1, max-image-preview:large, max-video-preview:-1\" \/>\n<link rel=\"canonical\" href=\"https:\/\/www.pionetic.io\/en\/impressum\/\" \/>\n<meta property=\"og:locale\" content=\"en_GB\" \/>\n<meta property=\"og:type\" content=\"article\" \/>\n<meta property=\"og:title\" content=\"Impressum - pionetic.\" \/>\n<meta property=\"og:description\" content=\"Impressum Angaben gem\u00e4\u00df \u00a7 5 TMG: Tanja Splieth | pionetic.\u00a0(Einzelunternehmerin) Adresse: Am Pionierhafen 124837 SchleswigDeutschland Kontakt: Telefonnummer: 01522 4927033 | E-Mail: hello@pionetic.io Umsatzsteueridentifikationsnummer: DE450210197 Verantwortlich f\u00fcr den Inhalt nach \u00a7 55 Abs. 2 RStV:Tanja SpliethAm Pionierhafen 124837 SchleswigDeutschlandE-Mail: hello@pionetic.io | Telefonnummer: 01522 4927033 Berufsbezeichnung:Personalvermittlung, -beratung, Workshops Verantwortlich f\u00fcr den Inhalt dieser Webseite:Tanja Splieth und Matthias [&hellip;]\" \/>\n<meta property=\"og:url\" content=\"https:\/\/www.pionetic.io\/en\/impressum\/\" \/>\n<meta property=\"og:site_name\" content=\"pionetic.\" \/>\n<meta property=\"article:modified_time\" content=\"2025-01-20T18:06:31+00:00\" \/>\n<meta name=\"twitter:card\" content=\"summary_large_image\" \/>\n<meta name=\"twitter:label1\" content=\"Estimated reading time\" \/>\n\t<meta name=\"twitter:data1\" content=\"3 minutes\" \/>\n<script type=\"application\/ld+json\" class=\"yoast-schema-graph\">{\"@context\":\"https:\/\/schema.org\",\"@graph\":[{\"@type\":\"WebPage\",\"@id\":\"https:\/\/www.pionetic.io\/impressum\/\",\"url\":\"https:\/\/www.pionetic.io\/impressum\/\",\"name\":\"Impressum - pionetic.\",\"isPartOf\":{\"@id\":\"https:\/\/www.pionetic.io\/#website\"},\"datePublished\":\"2024-10-04T14:23:55+00:00\",\"dateModified\":\"2025-01-20T18:06:31+00:00\",\"breadcrumb\":{\"@id\":\"https:\/\/www.pionetic.io\/impressum\/#breadcrumb\"},\"inLanguage\":\"en-GB\",\"potentialAction\":[{\"@type\":\"ReadAction\",\"target\":[\"https:\/\/www.pionetic.io\/impressum\/\"]}]},{\"@type\":\"BreadcrumbList\",\"@id\":\"https:\/\/www.pionetic.io\/impressum\/#breadcrumb\",\"itemListElement\":[{\"@type\":\"ListItem\",\"position\":1,\"name\":\"Startseite\",\"item\":\"https:\/\/www.pionetic.io\/\"},{\"@type\":\"ListItem\",\"position\":2,\"name\":\"Impressum\"}]},{\"@type\":\"WebSite\",\"@id\":\"https:\/\/www.pionetic.io\/#website\",\"url\":\"https:\/\/www.pionetic.io\/\",\"name\":\"Pionetic\",\"description\":\"\",\"publisher\":{\"@id\":\"https:\/\/www.pionetic.io\/#organization\"},\"potentialAction\":[{\"@type\":\"SearchAction\",\"target\":{\"@type\":\"EntryPoint\",\"urlTemplate\":\"https:\/\/www.pionetic.io\/?s={search_term_string}\"},\"query-input\":{\"@type\":\"PropertyValueSpecification\",\"valueRequired\":true,\"valueName\":\"search_term_string\"}}],\"inLanguage\":\"en-GB\"},{\"@type\":\"Organization\",\"@id\":\"https:\/\/www.pionetic.io\/#organization\",\"name\":\"Pionetic\",\"url\":\"https:\/\/www.pionetic.io\/\",\"logo\":{\"@type\":\"ImageObject\",\"inLanguage\":\"en-GB\",\"@id\":\"https:\/\/www.pionetic.io\/#\/schema\/logo\/image\/\",\"url\":\"https:\/\/www.pionetic.io\/wp-content\/uploads\/2024\/10\/logo.svg\",\"contentUrl\":\"https:\/\/www.pionetic.io\/wp-content\/uploads\/2024\/10\/logo.svg\",\"width\":544,\"height\":132,\"caption\":\"Pionetic\"},\"image\":{\"@id\":\"https:\/\/www.pionetic.io\/#\/schema\/logo\/image\/\"},\"sameAs\":[\"https:\/\/www.xing.com\/profile\/Tanja_Splieth\",\"https:\/\/www.linkedin.com\/in\/tanjasplieth-pionetic\/\"]}]}<\/script>\n<!-- \/ Yoast SEO plugin. -->","yoast_head_json":{"title":"Impressum - pionetic.","robots":{"index":"index","follow":"follow","max-snippet":"max-snippet:-1","max-image-preview":"max-image-preview:large","max-video-preview":"max-video-preview:-1"},"canonical":"https:\/\/www.pionetic.io\/en\/impressum\/","og_locale":"en_GB","og_type":"article","og_title":"Impressum - pionetic.","og_description":"Impressum Angaben gem\u00e4\u00df \u00a7 5 TMG: Tanja Splieth | pionetic.\u00a0(Einzelunternehmerin) Adresse: Am Pionierhafen 124837 SchleswigDeutschland Kontakt: Telefonnummer: 01522 4927033 | E-Mail: hello@pionetic.io Umsatzsteueridentifikationsnummer: DE450210197 Verantwortlich f\u00fcr den Inhalt nach \u00a7 55 Abs. 2 RStV:Tanja SpliethAm Pionierhafen 124837 SchleswigDeutschlandE-Mail: hello@pionetic.io | Telefonnummer: 01522 4927033 Berufsbezeichnung:Personalvermittlung, -beratung, Workshops Verantwortlich f\u00fcr den Inhalt dieser Webseite:Tanja Splieth und Matthias [&hellip;]","og_url":"https:\/\/www.pionetic.io\/en\/impressum\/","og_site_name":"pionetic.","article_modified_time":"2025-01-20T18:06:31+00:00","twitter_card":"summary_large_image","twitter_misc":{"Estimated reading time":"3 minutes"},"schema":{"@context":"https:\/\/schema.org","@graph":[{"@type":"WebPage","@id":"https:\/\/www.pionetic.io\/impressum\/","url":"https:\/\/www.pionetic.io\/impressum\/","name":"Impressum - pionetic.","isPartOf":{"@id":"https:\/\/www.pionetic.io\/#website"},"datePublished":"2024-10-04T14:23:55+00:00","dateModified":"2025-01-20T18:06:31+00:00","breadcrumb":{"@id":"https:\/\/www.pionetic.io\/impressum\/#breadcrumb"},"inLanguage":"en-GB","potentialAction":[{"@type":"ReadAction","target":["https:\/\/www.pionetic.io\/impressum\/"]}]},{"@type":"BreadcrumbList","@id":"https:\/\/www.pionetic.io\/impressum\/#breadcrumb","itemListElement":[{"@type":"ListItem","position":1,"name":"Startseite","item":"https:\/\/www.pionetic.io\/"},{"@type":"ListItem","position":2,"name":"Impressum"}]},{"@type":"WebSite","@id":"https:\/\/www.pionetic.io\/#website","url":"https:\/\/www.pionetic.io\/","name":"Pionetic","description":"","publisher":{"@id":"https:\/\/www.pionetic.io\/#organization"},"potentialAction":[{"@type":"SearchAction","target":{"@type":"EntryPoint","urlTemplate":"https:\/\/www.pionetic.io\/?s={search_term_string}"},"query-input":{"@type":"PropertyValueSpecification","valueRequired":true,"valueName":"search_term_string"}}],"inLanguage":"en-GB"},{"@type":"Organization","@id":"https:\/\/www.pionetic.io\/#organization","name":"Pionetic","url":"https:\/\/www.pionetic.io\/","logo":{"@type":"ImageObject","inLanguage":"en-GB","@id":"https:\/\/www.pionetic.io\/#\/schema\/logo\/image\/","url":"https:\/\/www.pionetic.io\/wp-content\/uploads\/2024\/10\/logo.svg","contentUrl":"https:\/\/www.pionetic.io\/wp-content\/uploads\/2024\/10\/logo.svg","width":544,"height":132,"caption":"Pionetic"},"image":{"@id":"https:\/\/www.pionetic.io\/#\/schema\/logo\/image\/"},"sameAs":["https:\/\/www.xing.com\/profile\/Tanja_Splieth","https:\/\/www.linkedin.com\/in\/tanjasplieth-pionetic\/"]}]}},"_links":{"self":[{"href":"https:\/\/www.pionetic.io\/en\/wp-json\/wp\/v2\/pages\/301","targetHints":{"allow":["GET"]}}],"collection":[{"href":"https:\/\/www.pionetic.io\/en\/wp-json\/wp\/v2\/pages"}],"about":[{"href":"https:\/\/www.pionetic.io\/en\/wp-json\/wp\/v2\/types\/page"}],"author":[{"embeddable":true,"href":"https:\/\/www.pionetic.io\/en\/wp-json\/wp\/v2\/users\/1"}],"replies":[{"embeddable":true,"href":"https:\/\/www.pionetic.io\/en\/wp-json\/wp\/v2\/comments?post=301"}],"version-history":[{"count":40,"href":"https:\/\/www.pionetic.io\/en\/wp-json\/wp\/v2\/pages\/301\/revisions"}],"predecessor-version":[{"id":2030,"href":"https:\/\/www.pionetic.io\/en\/wp-json\/wp\/v2\/pages\/301\/revisions\/2030"}],"wp:attachment":[{"href":"https:\/\/www.pionetic.io\/en\/wp-json\/wp\/v2\/media?parent=301"}],"curies":[{"name":"wp","href":"https:\/\/api.w.org\/{rel}","templated":true}]}}