{"id":303,"date":"2024-10-04T16:24:02","date_gmt":"2024-10-04T14:24:02","guid":{"rendered":"https:\/\/www.pionetic.io\/?page_id=303"},"modified":"2025-01-18T16:03:04","modified_gmt":"2025-01-18T15:03:04","slug":"datenschutz","status":"publish","type":"page","link":"https:\/\/www.pionetic.io\/en\/datenschutz\/","title":{"rendered":"Privacy Policy"},"content":{"rendered":"<div data-elementor-type=\"wp-page\" data-elementor-id=\"303\" class=\"elementor elementor-303\" data-elementor-post-type=\"page\">\n\t\t\t\t<div class=\"elementor-element elementor-element-b6a5407 e-con-full e-flex e-con e-parent\" data-id=\"b6a5407\" data-element_type=\"container\" data-e-type=\"container\" data-settings=\"{&quot;background_background&quot;:&quot;classic&quot;}\">\n\t\t\t\t<div class=\"elementor-element elementor-element-d4ee6c1 elementor-widget elementor-widget-heading\" data-id=\"d4ee6c1\" data-element_type=\"widget\" data-e-type=\"widget\" data-widget_type=\"heading.default\">\n\t\t\t\t<div class=\"elementor-widget-container\">\n\t\t\t\t\t<h2 class=\"elementor-heading-title elementor-size-default\">Privacy Policy<\/h2>\t\t\t\t<\/div>\n\t\t\t\t<\/div>\n\t\t\t\t<div class=\"elementor-element elementor-element-d4131f6 elementor-widget elementor-widget-text-editor\" data-id=\"d4131f6\" data-element_type=\"widget\" data-e-type=\"widget\" data-widget_type=\"text-editor.default\">\n\t\t\t\t<div class=\"elementor-widget-container\">\n\t\t\t\t\t\t\t\t\t<p><b>Privacy Policy<\/b><br>1. Allgemeine Hinweise und Pflichtinformationen<br>Der Schutz Ihrer personenbezogenen Daten ist uns sehr wichtig. Diese Datenschutzerkl\u00e4rung informiert Sie dar\u00fcber, wie wir Ihre Daten im Rahmen unserer Dienstleistungen, Personalvermittlung und Beratungen erheben, verarbeiten und verwenden. Personenbezogene Daten sind alle Informationen, die sich auf eine identifizierte oder identifizierbare Person beziehen.<br>Verantwortlich f\u00fcr die Datenverarbeitung im Sinne der DSGVO:<\/p>\n<p>Tanja Splieth | pionetic.<br>Am Pionierhafen 1<br>24837 Schleswig<br>Deutschland<br>E-Mail: hello@pionetic.io<\/p>\n<p>Umsatzsteueridentifikationsnummer: DE450210197<\/p>\n<p><b>2. Art der verarbeiteten Daten<br><\/b>Wir verarbeiten personenbezogene Daten in folgenden Kategorien:<br>Kandidaten: Name, Kontaktdaten, Lebenslauf, berufliche Qualifikationen, Arbeitserfahrung, Gehaltsvorstellungen und andere Angaben, die f\u00fcr den Personalvermittlungsprozess notwendig sind.<br>Kunden: Name, Kontaktdaten, Informationen \u00fcber das Unternehmen und dessen Ansprechpartner, Vertragsdaten, Zahlungsinformationen.<\/p>\n<p><b>3. Zwecke der Verarbeitung und Rechtsgrundlagen<br><\/b>Wir verarbeiten Ihre Daten zu folgenden Zwecken:<br>a) Personalvermittlung (Kandidaten)<br>Die Datenverarbeitung erfolgt, um Sie bei der Jobsuche zu unterst\u00fctzen und potenziellen Arbeitgebern vorzustellen. Ihre Daten werden nur mit Ihrer ausdr\u00fccklichen Einwilligung an potenzielle Arbeitgeber weitergegeben (Art. 6 Abs. 1 lit. a DSGVO). Die Datenverarbeitung dient au\u00dferdem der Durchf\u00fchrung vorvertraglicher Ma\u00dfnahmen (Art. 6 Abs. 1 lit. b DSGVO).<br>b) Beratungsdienstleistungen und Workshops (Kunden)<br>F\u00fcr die Erf\u00fcllung von Beratungsauftr\u00e4gen und die Durchf\u00fchrung von Workshops werden Unternehmensdaten, Ansprechpartnerdaten und Vertragsinformationen verarbeitet. Die Rechtsgrundlage ist die Erf\u00fcllung eines Vertrages oder vorvertraglicher Ma\u00dfnahmen gem\u00e4\u00df Art. 6 Abs. 1 lit. b DSGVO.<br>c) Betrieb unserer Website<br>Beim Besuch unserer Website werden automatisch Informationen erhoben, wie z.B. IP-Adressen, Browser-Typ und Zugriffszeiten, um den Betrieb der Website zu gew\u00e4hrleisten und die Nutzerfreundlichkeit zu verbessern (Art. 6 Abs. 1 lit. f DSGVO).<br>d) Newsletter<br>Wenn Sie sich f\u00fcr unseren Newsletter anmelden, verarbeiten wir Ihre E-Mail-Adresse, um Ihnen regelm\u00e4\u00dfig Informationen zu unseren Dienstleistungen zu senden. Die Verarbeitung erfolgt auf Grundlage Ihrer Einwilligung (Art. 6 Abs. 1 lit. a DSGVO). Sie k\u00f6nnen Ihre Einwilligung jederzeit widerrufen.<\/p>\n<p><b>4. \u00dcebermittlung an verbundene Unternehmen und Dritte<br><\/b>Im Rahmen der Personalvermittlung und unserer Dienstleistungen kann es erforderlich sein, personenbezogene Daten an verbundene Unternehmen oder Partnerunternehmen weiterzugeben, um die vertraglich vereinbarten Leistungen zu erbringen (Art. 6 Abs. 1 lit. b DSGVO).<br>Eine Weitergabe an Dritte erfolgt nur, wenn:<br>Sie Ihre Einwilligung erteilt haben (Art. 6 Abs. 1 lit. a DSGVO),<br>dies zur Erf\u00fcllung eines Vertrages notwendig ist (Art. 6 Abs. 1 lit. b DSGVO),<br>eine gesetzliche Verpflichtung besteht (Art. 6 Abs. 1 lit. c DSGVO), oder<br>ein berechtigtes Interesse vorliegt (Art. 6 Abs. 1 lit. f DSGVO).<\/p>\n<p><b>5. Spezielle Kategorien von personenbezogenen Daten (z.B. Gesundheitsdaten)<br><\/b>Wenn f\u00fcr bestimmte Arbeitspl\u00e4tze Gesundheitsdaten erforderlich sind (z.B. \u00e4rztliche Atteste zur Eignung f\u00fcr eine bestimmte T\u00e4tigkeit), verarbeiten wir diese nur auf Grundlage Ihrer Einwilligung (Art. 6 Abs. 1 lit. a DSGVO und Art. 9 Abs. 2 lit. a DSGVO) oder um gesetzlichen Verpflichtungen nachzukommen (Art. 6 Abs. 1 lit. c und Art. 9 Abs. 2 lit. i DSGVO).<\/p>\n<p><b>6. Automatisierte Entscheidungsfindungen und Profiling<br><\/b>Wir verwenden keine automatisierten Entscheidungsfindungen, die rechtliche oder andere erhebliche Auswirkungen auf Sie haben, im Sinne von Art. 22 DSGVO. Sollte sich dies in Zukunft \u00e4ndern, werden Sie dar\u00fcber informiert, und wir werden sicherstellen, dass alle Anforderungen der DSGVO eingehalten werden.<\/p>\n<p><b>7. Cookies und Tracking-Technologien<br><\/b>Beim Besuch unserer Website werden m\u00f6glicherweise Cookies auf Ihrem Ger\u00e4t gespeichert. Cookies sind kleine Textdateien, die zur Erhebung und Speicherung von Informationen \u00fcber die Nutzung unserer Website verwendet werden. Dies erm\u00f6glicht es uns, die Benutzerfreundlichkeit unserer Website zu verbessern und das Angebot zu optimieren.<br>a) Arten von Cookies<br>Technisch notwendige Cookies: Diese Cookies sind erforderlich, damit die Website korrekt funktioniert.<br>Funktionale Cookies: Diese Cookies erm\u00f6glichen es der Website, erweiterte Funktionen und Personalisierungen anzubieten.<br>Analyse- und Performance-Cookies: Mit diesen Cookies k\u00f6nnen wir anonyme Informationen \u00fcber das Verhalten der Nutzer auf unserer Website sammeln, um unsere Inhalte zu optimieren.<br>b) Widerruf der Einwilligung<br>Sie k\u00f6nnen der Verwendung von Cookies jederzeit widersprechen oder Ihre Einwilligung widerrufen. Dies k\u00f6nnen Sie direkt in den Cookie-Einstellungen Ihres Browsers vornehmen.<br><span style=\"color: var( --e-global-color-primary ); font-family: var( --e-global-typography-text-font-family ), Sans-serif; font-size: var( --e-global-typography-text-font-size ); font-weight: var( --e-global-typography-text-font-weight );\">c) Zur Verwaltung der eingesetzten Cookies und \u00e4hnlichen Technologien (Tracking-Pixel, Web-Beacons etc.) und diesbez\u00fcglicher Einwilligungen setzen wir das Consent Tool &#8222;Real Cookie Banner&#8220; ein. Details zur Funktionsweise von &#8222;Real Cookie Banner&#8220; findest du unter <\/span><a style=\"font-family: var( --e-global-typography-text-font-family ), Sans-serif; font-size: var( --e-global-typography-text-font-size ); font-weight: var( --e-global-typography-text-font-weight ); background-color: #f3f3ea;\" href=\"https:\/\/devowl.io\/de\/rcb\/datenverarbeitung\/\" target=\"_blank\" rel=\"noopener noreferrer\">https:\/\/devowl.io\/de\/rcb\/datenverarbeitung\/<\/a><span style=\"color: var( --e-global-color-primary ); font-family: var( --e-global-typography-text-font-family ), Sans-serif; font-size: var( --e-global-typography-text-font-size ); font-weight: var( --e-global-typography-text-font-weight );\">.<\/span><\/p>\n<p>Rechtsgrundlagen f\u00fcr die Verarbeitung von personenbezogenen Daten in diesem Zusammenhang sind Art. 6 Abs. 1 lit. c DS-GVO und Art. 6 Abs. 1 lit. f DS-GVO. Unser berechtigtes Interesse ist die Verwaltung der eingesetzten Cookies und \u00e4hnlichen Technologien und der diesbez\u00fcglichen Einwilligungen.<\/p>\n<p>Die Bereitstellung der personenbezogenen Daten ist weder vertraglich vorgeschrieben noch f\u00fcr den Abschluss eines Vertrages notwendig. Du bist nicht verpflichtet die personenbezogenen Daten bereitzustellen. Wenn du die personenbezogenen Daten nicht bereitstellst, k\u00f6nnen wir deine Einwilligungen nicht verwalten.<\/p>\n<p><b>8. Web-Analyse und Tracking-Technologien<br><\/b>Wir verwenden keine Tracking- oder Webanalyse-Tools, die personenbezogene Daten erfassen. Sollten wir in Zukunft Webanalyse-Tools wie Google Analytics verwenden, werden wir diese Datenschutzerkl\u00e4rung entsprechend anpassen und eine Einwilligung gem\u00e4\u00df Art. 6 Abs. 1 lit. a DSGVO einholen.<\/p>\n<p><b>9. Logfiles<br><\/b>Bei jedem Zugriff auf unsere Website werden automatisch Daten erfasst, die Ihr Browser an uns \u00fcbermittelt. Diese Daten werden in sogenannten Logfiles gespeichert und k\u00f6nnen folgende Informationen umfassen:<br>Ihre IP-Adresse,<br>das Datum und die Uhrzeit der Anfrage,<br>die Seite, von der aus Sie auf unsere Website gelangt sind (Referrer),<br>den von Ihnen verwendeten Browsertyp und das Betriebssystem.<br>Die Verarbeitung dieser Daten erfolgt zur Sicherstellung eines ordnungsgem\u00e4\u00dfen Betriebs der Website und basiert auf Art. 6 Abs. 1 lit. f DSGVO.<\/p>\n<p><b>10. Speicherdauer und L\u00f6schung<br><\/b>Ihre personenbezogenen Daten werden nur so lange gespeichert, wie es zur Erf\u00fcllung der Zwecke, f\u00fcr die sie erhoben wurden, erforderlich ist oder wie es gesetzliche Aufbewahrungsfristen vorschreiben.<br>Kandidatendaten, die nicht zu einer erfolgreichen Vermittlung f\u00fchren, werden nach 18 Monaten gel\u00f6scht, es sei denn, Sie haben einer l\u00e4ngeren Speicherung zugestimmt. Kundendaten werden ebenfalls nach Ende der Gesch\u00e4ftsbeziehung und nach Ablauf der gesetzlichen Fristen gel\u00f6scht.<\/p>\n<p><b>11. Ihre Rechte als Betroffene<br><\/b>Sie haben das Recht:<br>gem\u00e4\u00df Art. 15 DSGVO Auskunft \u00fcber Ihre von uns verarbeiteten personenbezogenen Daten zu verlangen,<br>gem\u00e4\u00df Art. 16 DSGVO die Berichtigung unrichtiger oder unvollst\u00e4ndiger Daten zu verlangen,<br>gem\u00e4\u00df Art. 17 DSGVO die L\u00f6schung Ihrer personenbezogenen Daten zu verlangen, soweit keine gesetzlichen Aufbewahrungspflichten bestehen,<br>gem\u00e4\u00df Art. 18 DSGVO die Einschr\u00e4nkung der Verarbeitung Ihrer Daten zu verlangen,<br>gem\u00e4\u00df Art. 20 DSGVO Ihre personenbezogenen Daten in einem strukturierten, g\u00e4ngigen und maschinenlesbaren Format zu erhalten,<br>gem\u00e4\u00df Art. 21 DSGVO Widerspruch gegen die Verarbeitung Ihrer personenbezogenen Daten einzulegen, wenn diese auf berechtigten Interessen basiert.<br>Zur Aus\u00fcbung dieser Rechte kontaktieren Sie uns bitte per E-Mail: hello@pionetic.io.<\/p>\n<p><b>12. Datensicherheit<br><\/b>Wir setzen moderne technische und organisatorische Ma\u00dfnahmen wie z.B. Zwei-Faktor-Authentifizierung und\/oder Passkeys ein, um Ihre und unsere Daten gegen Manipulation, Verlust, Zerst\u00f6rung oder unbefugten Zugriff zu sch\u00fctzen. Unsere Website verwendet SSL-Verschl\u00fcsselung, um vertrauliche Inhalte sicher zu \u00fcbertragen.<\/p>\n<p><b>13. Verarbeitung durch Drittanbieter<br><\/b>Wir arbeiten mit verschiedenen Dienstleistern, die personenbezogene Daten verarbeiten, um unsere Dienstleistungen effizient bereitzustellen:<br>a) Mailchimp<br>Zum Versand von Newslettern nutzen wir den Dienst Mailchimp. Ihre E-Mail-Adresse wird an Mailchimp weitergegeben. Mailchimp speichert Ihre Daten in den USA, und wir haben einen Auftragsverarbeitungsvertrag auf Basis der Standardvertragsklauseln abgeschlossen.<br>b) Google (E-Mail-Hosting)<br>Unsere gesch\u00e4ftliche E-Mail-Kommunikation erfolgt \u00fcber Google Workspace. Google verarbeitet Daten gem\u00e4\u00df der DSGVO. Auch hier besteht ein Auftragsverarbeitungsvertrag.<br>c) WhatsApp Business<br>F\u00fcr die Kommunikation mit Kunden und Kandidaten nutzen wir WhatsApp Business. Bitte beachten Sie, dass dabei personenbezogene Daten an WhatsApp Inc. \u00fcbermittelt werden. Details dazu finden Sie in der WhatsApp-Datenschutzerkl\u00e4rung.<br>d) Hetzner Online GmbH<br>Unsere Website und Server werden von Hetzner Online GmbH in Deutschland gehostet. Hetzner speichert und verarbeitet Daten in Rechenzentren in Deutschland, und wir haben einen Auftragsverarbeitungsvertrag mit Hetzner abgeschlossen.<\/p>\n<p><b>14. \u00c4enderungen dieser Datenschutzerkl\u00e4rung<br><\/b>Diese Datenschutzerkl\u00e4rung kann angepasst werden, um \u00c4nderungen in den gesetzlichen Vorschriften oder unseren Dienstleistungen zu ber\u00fccksichtigen. Die aktuelle Fassung finden Sie stets auf unserer Website.<\/p>\n<p>Stand: Januar 2025<\/p>\t\t\t\t\t\t\t\t<\/div>\n\t\t\t\t<\/div>\n\t\t\t\t<\/div>\n\t\t\t\t<\/div>","protected":false},"excerpt":{"rendered":"<p>Datenschutz Datenschutzerkl\u00e4rung1. Allgemeine Hinweise und PflichtinformationenDer Schutz Ihrer personenbezogenen Daten ist uns sehr wichtig. Diese Datenschutzerkl\u00e4rung informiert Sie dar\u00fcber, wie wir Ihre Daten im Rahmen unserer Dienstleistungen, Personalvermittlung und Beratungen erheben, verarbeiten und verwenden. Personenbezogene Daten sind alle Informationen, die sich auf eine identifizierte oder identifizierbare Person beziehen.Verantwortlich f\u00fcr die Datenverarbeitung im Sinne der DSGVO: [&hellip;]<\/p>\n","protected":false},"author":1,"featured_media":0,"parent":0,"menu_order":0,"comment_status":"closed","ping_status":"closed","template":"","meta":{"footnotes":""},"class_list":["post-303","page","type-page","status-publish","hentry"],"yoast_head":"<!-- This site is optimized with the Yoast SEO plugin v27.2 - https:\/\/yoast.com\/product\/yoast-seo-wordpress\/ -->\n<title>Datenschutz - pionetic.<\/title>\n<meta name=\"robots\" content=\"index, follow, max-snippet:-1, max-image-preview:large, max-video-preview:-1\" \/>\n<link rel=\"canonical\" href=\"https:\/\/www.pionetic.io\/en\/datenschutz\/\" \/>\n<meta property=\"og:locale\" content=\"en_GB\" \/>\n<meta property=\"og:type\" content=\"article\" \/>\n<meta property=\"og:title\" content=\"Datenschutz - pionetic.\" \/>\n<meta property=\"og:description\" content=\"Datenschutz Datenschutzerkl\u00e4rung1. Allgemeine Hinweise und PflichtinformationenDer Schutz Ihrer personenbezogenen Daten ist uns sehr wichtig. Diese Datenschutzerkl\u00e4rung informiert Sie dar\u00fcber, wie wir Ihre Daten im Rahmen unserer Dienstleistungen, Personalvermittlung und Beratungen erheben, verarbeiten und verwenden. Personenbezogene Daten sind alle Informationen, die sich auf eine identifizierte oder identifizierbare Person beziehen.Verantwortlich f\u00fcr die Datenverarbeitung im Sinne der DSGVO: [&hellip;]\" \/>\n<meta property=\"og:url\" content=\"https:\/\/www.pionetic.io\/en\/datenschutz\/\" \/>\n<meta property=\"og:site_name\" content=\"pionetic.\" \/>\n<meta property=\"article:modified_time\" content=\"2025-01-18T15:03:04+00:00\" \/>\n<meta name=\"twitter:card\" content=\"summary_large_image\" \/>\n<meta name=\"twitter:label1\" content=\"Estimated reading time\" \/>\n\t<meta name=\"twitter:data1\" content=\"7 minutes\" \/>\n<script type=\"application\/ld+json\" class=\"yoast-schema-graph\">{\"@context\":\"https:\/\/schema.org\",\"@graph\":[{\"@type\":\"WebPage\",\"@id\":\"https:\/\/www.pionetic.io\/datenschutz\/\",\"url\":\"https:\/\/www.pionetic.io\/datenschutz\/\",\"name\":\"Datenschutz - pionetic.\",\"isPartOf\":{\"@id\":\"https:\/\/www.pionetic.io\/#website\"},\"datePublished\":\"2024-10-04T14:24:02+00:00\",\"dateModified\":\"2025-01-18T15:03:04+00:00\",\"breadcrumb\":{\"@id\":\"https:\/\/www.pionetic.io\/datenschutz\/#breadcrumb\"},\"inLanguage\":\"en-GB\",\"potentialAction\":[{\"@type\":\"ReadAction\",\"target\":[\"https:\/\/www.pionetic.io\/datenschutz\/\"]}]},{\"@type\":\"BreadcrumbList\",\"@id\":\"https:\/\/www.pionetic.io\/datenschutz\/#breadcrumb\",\"itemListElement\":[{\"@type\":\"ListItem\",\"position\":1,\"name\":\"Startseite\",\"item\":\"https:\/\/www.pionetic.io\/\"},{\"@type\":\"ListItem\",\"position\":2,\"name\":\"Datenschutz\"}]},{\"@type\":\"WebSite\",\"@id\":\"https:\/\/www.pionetic.io\/#website\",\"url\":\"https:\/\/www.pionetic.io\/\",\"name\":\"Pionetic\",\"description\":\"\",\"publisher\":{\"@id\":\"https:\/\/www.pionetic.io\/#organization\"},\"potentialAction\":[{\"@type\":\"SearchAction\",\"target\":{\"@type\":\"EntryPoint\",\"urlTemplate\":\"https:\/\/www.pionetic.io\/?s={search_term_string}\"},\"query-input\":{\"@type\":\"PropertyValueSpecification\",\"valueRequired\":true,\"valueName\":\"search_term_string\"}}],\"inLanguage\":\"en-GB\"},{\"@type\":\"Organization\",\"@id\":\"https:\/\/www.pionetic.io\/#organization\",\"name\":\"Pionetic\",\"url\":\"https:\/\/www.pionetic.io\/\",\"logo\":{\"@type\":\"ImageObject\",\"inLanguage\":\"en-GB\",\"@id\":\"https:\/\/www.pionetic.io\/#\/schema\/logo\/image\/\",\"url\":\"https:\/\/www.pionetic.io\/wp-content\/uploads\/2024\/10\/logo.svg\",\"contentUrl\":\"https:\/\/www.pionetic.io\/wp-content\/uploads\/2024\/10\/logo.svg\",\"width\":544,\"height\":132,\"caption\":\"Pionetic\"},\"image\":{\"@id\":\"https:\/\/www.pionetic.io\/#\/schema\/logo\/image\/\"},\"sameAs\":[\"https:\/\/www.xing.com\/profile\/Tanja_Splieth\",\"https:\/\/www.linkedin.com\/in\/tanjasplieth-pionetic\/\"]}]}<\/script>\n<!-- \/ Yoast SEO plugin. -->","yoast_head_json":{"title":"Datenschutz - pionetic.","robots":{"index":"index","follow":"follow","max-snippet":"max-snippet:-1","max-image-preview":"max-image-preview:large","max-video-preview":"max-video-preview:-1"},"canonical":"https:\/\/www.pionetic.io\/en\/datenschutz\/","og_locale":"en_GB","og_type":"article","og_title":"Datenschutz - pionetic.","og_description":"Datenschutz Datenschutzerkl\u00e4rung1. Allgemeine Hinweise und PflichtinformationenDer Schutz Ihrer personenbezogenen Daten ist uns sehr wichtig. Diese Datenschutzerkl\u00e4rung informiert Sie dar\u00fcber, wie wir Ihre Daten im Rahmen unserer Dienstleistungen, Personalvermittlung und Beratungen erheben, verarbeiten und verwenden. Personenbezogene Daten sind alle Informationen, die sich auf eine identifizierte oder identifizierbare Person beziehen.Verantwortlich f\u00fcr die Datenverarbeitung im Sinne der DSGVO: [&hellip;]","og_url":"https:\/\/www.pionetic.io\/en\/datenschutz\/","og_site_name":"pionetic.","article_modified_time":"2025-01-18T15:03:04+00:00","twitter_card":"summary_large_image","twitter_misc":{"Estimated reading time":"7 minutes"},"schema":{"@context":"https:\/\/schema.org","@graph":[{"@type":"WebPage","@id":"https:\/\/www.pionetic.io\/datenschutz\/","url":"https:\/\/www.pionetic.io\/datenschutz\/","name":"Datenschutz - pionetic.","isPartOf":{"@id":"https:\/\/www.pionetic.io\/#website"},"datePublished":"2024-10-04T14:24:02+00:00","dateModified":"2025-01-18T15:03:04+00:00","breadcrumb":{"@id":"https:\/\/www.pionetic.io\/datenschutz\/#breadcrumb"},"inLanguage":"en-GB","potentialAction":[{"@type":"ReadAction","target":["https:\/\/www.pionetic.io\/datenschutz\/"]}]},{"@type":"BreadcrumbList","@id":"https:\/\/www.pionetic.io\/datenschutz\/#breadcrumb","itemListElement":[{"@type":"ListItem","position":1,"name":"Startseite","item":"https:\/\/www.pionetic.io\/"},{"@type":"ListItem","position":2,"name":"Datenschutz"}]},{"@type":"WebSite","@id":"https:\/\/www.pionetic.io\/#website","url":"https:\/\/www.pionetic.io\/","name":"Pionetic","description":"","publisher":{"@id":"https:\/\/www.pionetic.io\/#organization"},"potentialAction":[{"@type":"SearchAction","target":{"@type":"EntryPoint","urlTemplate":"https:\/\/www.pionetic.io\/?s={search_term_string}"},"query-input":{"@type":"PropertyValueSpecification","valueRequired":true,"valueName":"search_term_string"}}],"inLanguage":"en-GB"},{"@type":"Organization","@id":"https:\/\/www.pionetic.io\/#organization","name":"Pionetic","url":"https:\/\/www.pionetic.io\/","logo":{"@type":"ImageObject","inLanguage":"en-GB","@id":"https:\/\/www.pionetic.io\/#\/schema\/logo\/image\/","url":"https:\/\/www.pionetic.io\/wp-content\/uploads\/2024\/10\/logo.svg","contentUrl":"https:\/\/www.pionetic.io\/wp-content\/uploads\/2024\/10\/logo.svg","width":544,"height":132,"caption":"Pionetic"},"image":{"@id":"https:\/\/www.pionetic.io\/#\/schema\/logo\/image\/"},"sameAs":["https:\/\/www.xing.com\/profile\/Tanja_Splieth","https:\/\/www.linkedin.com\/in\/tanjasplieth-pionetic\/"]}]}},"_links":{"self":[{"href":"https:\/\/www.pionetic.io\/en\/wp-json\/wp\/v2\/pages\/303","targetHints":{"allow":["GET"]}}],"collection":[{"href":"https:\/\/www.pionetic.io\/en\/wp-json\/wp\/v2\/pages"}],"about":[{"href":"https:\/\/www.pionetic.io\/en\/wp-json\/wp\/v2\/types\/page"}],"author":[{"embeddable":true,"href":"https:\/\/www.pionetic.io\/en\/wp-json\/wp\/v2\/users\/1"}],"replies":[{"embeddable":true,"href":"https:\/\/www.pionetic.io\/en\/wp-json\/wp\/v2\/comments?post=303"}],"version-history":[{"count":40,"href":"https:\/\/www.pionetic.io\/en\/wp-json\/wp\/v2\/pages\/303\/revisions"}],"predecessor-version":[{"id":1988,"href":"https:\/\/www.pionetic.io\/en\/wp-json\/wp\/v2\/pages\/303\/revisions\/1988"}],"wp:attachment":[{"href":"https:\/\/www.pionetic.io\/en\/wp-json\/wp\/v2\/media?parent=303"}],"curies":[{"name":"wp","href":"https:\/\/api.w.org\/{rel}","templated":true}]}}